{"id":37,"date":"2022-09-06T07:43:22","date_gmt":"2022-09-06T06:43:22","guid":{"rendered":"https:\/\/sorinafritz.se\/romanian\/?page_id=37"},"modified":"2022-09-06T12:49:22","modified_gmt":"2022-09-06T11:49:22","slug":"informatii-despre-domeniile-mele-de-expertiza-si-eventuale-costuri","status":"publish","type":"page","link":"https:\/\/sorinafritz.se\/romanian\/informatii-despre-domeniile-mele-de-expertiza-si-eventuale-costuri\/","title":{"rendered":"INFORMA\u021aII DESPRE DOMENIILE MELE DE EXPERTIZA \u0218I EVENTUALE COSTURI"},"content":{"rendered":"\n<p><strong>SUSPECTAT DE O INFRACTIUNE<\/strong><\/p>\n\n\n\n<p>Dac\u0103 e\u0219ti suspectat de o infrac\u021biune grav\u0103, tribunalul va desemna, pentru tine, un avocat ap\u0103r\u0103tor din oficiu. Ai dreptul s\u0103 alegi tu singur avocatul desemnat din oficiu spun\u00e2nd poli\u021biei c\u0103 dore\u0219ti un anumit avocat. Dac\u0103 nu nume\u0219ti tu un anumit avocat, va fi desemnat urm\u0103torul avocat de pe lista din oficiu a tribunalului. Ca s\u0103 te asiguri ca vei primi avocatul dorit spune poli\u021biei, c\u00e2t mai devreme posibil, numele acestuia. Eu recomand s\u0103 ai un avocat prezent la prima audiere cu poli\u021bia. Ceea ce spui la prima audiere este deseori decisiv pentru procesul care urmeaz\u0103. Una dintre cele mai importante sarcini ale avocatului ap\u0103r\u0103tor este s\u0103 se asigure c\u0103 cel suspectat de o infrac\u021biune, clientul s\u0103u, cunoa\u0219te legea \u00eenainte de a fi audiat de poli\u021bie. Acest lucru va minimiza riscul ca declara\u021biile tale s\u0103 fie interpretate gre\u0219it \u0219i va asigura direc\u021bionarea corect\u0103 a investiga\u021biei \u00eenc\u0103 de la \u00eenceput, scopul fiind ca ancheta penal\u0103 sa fie \u00eenchis\u0103 \u0219i s\u0103 nu fii dat \u00een judecat\u0103. Spune poli\u021biei c\u0103 insi\u0219ti ca avocatul ap\u0103r\u0103tor s\u0103 fie prezent la prima audiere cu poli\u021bia. Acest drept \u00ee\u021bi este acordat prin lege. Nu este necesar s\u0103 m\u0103 fi contactat anterior. Este suficient s\u0103 informezi poli\u021bia c\u0103 o dore\u0219ti pe Sorina Fritz ca avocat din oficiu.<\/p>\n\n\n\n<p>Statul suedez pl\u0103te\u0219te onorariul unui avocat ap\u0103r\u0103tor din oficiu. Dac\u0103 e\u0219ti achitat de infrac\u021biune, ori prin \u00eenchiderea anchetei penale, ori fiindc\u0103 tribunalul nu te condamn\u0103, nu trebuie s\u0103 pl\u0103te\u0219ti nimic \u00eenapoi statului. Dac\u0103 e\u0219ti condamnat \u0219i dac\u0103 venitul t\u0103u este peste un anumit nivel (de regula 260 000 SEK\/an), dac\u0103 nu ai copii de \u00eentre\u021binut \u0219i nu ai datorii de pl\u0103tit, statul suedez i\u021bi poate solicita s\u0103 returnezi onorariul, par\u021bial sau total. Aici intr\u0103 \u00een calcul \u0219i capacitatea ta de rambursare \u00een general. Dac\u0103, spre exemplu, e\u0219ti condamnat la o pedeaps\u0103 mai lung\u0103, statul acoper\u0103, de obicei, \u00eentregul cost.<\/p>\n\n\n\n<p>Pentru infrac\u021biunile mai pu\u021bin grave, cu pedepse relativ mici, nu e\u0219ti \u00eendrept\u0103\u021bit la un avocat din oficiu. Dac\u0103 tribunalul decide c\u0103 nu ai dreptul la un avocat din oficiu, ai op\u021biunea s\u0103 angajezi un avocat ap\u0103r\u0103tor \u00een privat. \u00cen acest caz, onorariul avocatului trebuie pl\u0103tit de tine \u00een totalitate.<\/p>\n\n\n\n<figure class=\"wp-block-image size-large\"><img loading=\"lazy\" decoding=\"async\" width=\"681\" height=\"1024\" src=\"https:\/\/sorinafritz.se\/romanian\/wp-content\/uploads\/2022\/08\/billd002-681x1024.jpg\" alt=\"Sorina Fritz\" class=\"wp-image-11\" srcset=\"https:\/\/sorinafritz.se\/romanian\/wp-content\/uploads\/2022\/08\/billd002-681x1024.jpg 681w, https:\/\/sorinafritz.se\/romanian\/wp-content\/uploads\/2022\/08\/billd002-200x300.jpg 200w, https:\/\/sorinafritz.se\/romanian\/wp-content\/uploads\/2022\/08\/billd002-768x1155.jpg 768w, https:\/\/sorinafritz.se\/romanian\/wp-content\/uploads\/2022\/08\/billd002.jpg 864w\" sizes=\"auto, (max-width: 681px) 100vw, 681px\" \/><\/figure>\n\n\n\n<p><strong>VICTIM\u0102 A UNEI INFRAC\u021aIUNI (PARTEA V\u0102T\u0102MATA)<\/strong><\/p>\n\n\n\n<p>Partea v\u0103t\u0103mata este persoana care a fost victima unei infrac\u021biuni. Dac\u0103 ai fost victima unei infrac\u021biuni grave, tribunalul va desemna pentru tine un avocat din oficiu. La fel ca mai sus, ai dreptul sa alegi tu singur avocatul desemnat din oficiu, spun\u00e2nd poli\u021biei c\u0103 dore\u0219ti un anumit avocat. Dac\u0103 nu nume\u0219ti tu un anumit avocat, va fi desemnat urm\u0103torul avocat de pe lista din oficiu a tribunalului.<\/p>\n\n\n\n<p>Tribunalul poate desemna un avocat din oficiu doar dup\u0103 ce a fost ini\u021biat\u0103 o anchet\u0103 penal\u0103, adic\u0103 dup\u0103 ce ai raportat infrac\u021biunea la poli\u021bie \u0219i ai cerut ca poli\u021bia, prin intermediul tribunalului, s\u0103 desemneze un avocat pentru tine. Avocatul p\u0103r\u021bii v\u0103t\u0103mate ap\u0103r\u0103 interesele victimei \u00een timpul anchetei penale \u0219i reprezint\u0103 partea v\u0103t\u0103mata \u00een instan\u021ba, solicit\u00e2nd desp\u0103gubiri de la autorul infrac\u021biunii. Pentru a te asigura c\u0103 vocea ta este auzita \u0219i c\u0103 aspectele importante pentru victim\u0103 sunt eviden\u021biate \u0219i l\u0103murite de la \u00eenceput, informeaz\u0103 poli\u021bia, \u00eenc\u0103 de la primul contact, c\u0103 dore\u0219ti un avocat prezent la prima audiere cu poli\u021bia. Un avocat prezent de la \u00eenceput se va asigura c\u0103 aspecte relevante \u0219i informa\u021bii importante, greu de reconstituit mai t\u00e2rziu, nu vor fi omise \u00een faza ini\u021bial\u0103 a anchetei. Nu este necesar s\u0103 m\u0103 fi contactat anterior. Este suficient s\u0103 informezi poli\u021bia c\u0103 o dore\u0219ti pe Sorina Fritz ca avocat din oficiu.<\/p>\n\n\n\n<p>Statul pl\u0103te\u0219te \u00eentotdeauna \u0219i \u00een totalitate onorariul avocatului din oficiu al p\u0103r\u021bii v\u0103t\u0103mate.<\/p>\n\n\n\n<p><strong>PROCESE DE CUSTODIE<\/strong><\/p>\n\n\n\n<p>Dac\u0103 p\u0103rin\u021bii nu sunt de acord \u00een privin\u021ba custodiei sau locuin\u021bei copiilor \u0219i nu pot rezolva problema printr-un acord extrajudiciar, eu pot introduce cazul \u00een instan\u021b\u0103. Pe parcursul procesului, te pot ajuta s\u0103 intri \u00een leg\u0103tur\u0103 cu serviciile sociale, cu poli\u021bia, cu organiza\u021bii care ad\u0103postesc femei aflate \u00een pericol, cu organiza\u021bii care ad\u0103postesc b\u0103rba\u021bi afla\u021bi in pericol sau cu alte organe publice sau private care \u00ee\u021bi pot fi de ajutor.<\/p>\n\n\n\n<p>Onorariul avocatului poate fi achitat par\u021bial prin asigurarea de protec\u021bie juridic\u0103 sau prin asisten\u021b\u0103 judiciar\u0103. Asigurarea de protec\u021bie juridic\u0103 face parte din asigurarea de locuin\u021b\u0103 \u0219i \u00eenseamn\u0103, pe scurt, c\u0103 tu va trebui s\u0103 pl\u0103te\u0219ti singur o fran\u0219iz\u0103, de obicei 20% din onorariul total, \u00een timp ce compania de asigur\u0103ri pl\u0103te\u0219te restul, adic\u0103 80%. \u00cen cazul \u00een care asigurarea de locuin\u021b\u0103 nu acoper\u0103 onorariul avocatului, spre exemplu atunci c\u00e2nd procesul de custodie este ini\u021biat \u00een leg\u0103tur\u0103 direct\u0103 cu separarea sau divor\u021bul, po\u021bi solicita asisten\u021b\u0103 judiciar\u0103 prin statul suedez. Asisten\u021ba judiciar\u0103 \u00eenseamn\u0103, pe scurt, ca statul pl\u0103te\u0219te o parte din onorariul avocatului. M\u0103rimea p\u0103r\u021bii pl\u0103tite de tine este determinat\u0103 de venitul t\u0103u, de c\u00e2\u021bi copii ai de \u00eentre\u021binut \u0219i de c\u00e2t de mari i\u021bi sunt datoriile. Eu te pot ajuta cu solicitarea asigur\u0103rii de protec\u021bie juridic\u0103 prin asigurarea de locuin\u021b\u0103 sau a asisten\u021bei judiciare prin statul suedez.<\/p>\n\n\n\n<figure class=\"wp-block-image size-large\"><img loading=\"lazy\" decoding=\"async\" width=\"682\" height=\"1024\" src=\"https:\/\/sorinafritz.se\/romanian\/wp-content\/uploads\/2022\/08\/bild004-682x1024.jpg\" alt=\"Sorina Fritz\" class=\"wp-image-15\" srcset=\"https:\/\/sorinafritz.se\/romanian\/wp-content\/uploads\/2022\/08\/bild004-682x1024.jpg 682w, https:\/\/sorinafritz.se\/romanian\/wp-content\/uploads\/2022\/08\/bild004-200x300.jpg 200w, https:\/\/sorinafritz.se\/romanian\/wp-content\/uploads\/2022\/08\/bild004-768x1154.jpg 768w, https:\/\/sorinafritz.se\/romanian\/wp-content\/uploads\/2022\/08\/bild004.jpg 870w\" sizes=\"auto, (max-width: 682px) 100vw, 682px\" \/><\/figure>\n","protected":false},"excerpt":{"rendered":"<p>SUSPECTAT DE O INFRACTIUNE Dac\u0103 e\u0219ti suspectat de o infrac\u021biune grav\u0103, tribunalul va desemna, pentru tine, un avocat ap\u0103r\u0103tor din oficiu. Ai dreptul s\u0103 alegi tu singur avocatul desemnat din oficiu spun\u00e2nd poli\u021biei c\u0103 dore\u0219ti un anumit avocat. Dac\u0103 nu nume\u0219ti tu un anumit avocat, va fi desemnat urm\u0103torul avocat de pe lista din oficiu [&hellip;]<\/p>\n","protected":false},"author":1,"featured_media":0,"parent":0,"menu_order":0,"comment_status":"closed","ping_status":"closed","template":"","meta":{"footnotes":""},"class_list":["post-37","page","type-page","status-publish","hentry"],"_links":{"self":[{"href":"https:\/\/sorinafritz.se\/romanian\/wp-json\/wp\/v2\/pages\/37","targetHints":{"allow":["GET"]}}],"collection":[{"href":"https:\/\/sorinafritz.se\/romanian\/wp-json\/wp\/v2\/pages"}],"about":[{"href":"https:\/\/sorinafritz.se\/romanian\/wp-json\/wp\/v2\/types\/page"}],"author":[{"embeddable":true,"href":"https:\/\/sorinafritz.se\/romanian\/wp-json\/wp\/v2\/users\/1"}],"replies":[{"embeddable":true,"href":"https:\/\/sorinafritz.se\/romanian\/wp-json\/wp\/v2\/comments?post=37"}],"version-history":[{"count":3,"href":"https:\/\/sorinafritz.se\/romanian\/wp-json\/wp\/v2\/pages\/37\/revisions"}],"predecessor-version":[{"id":84,"href":"https:\/\/sorinafritz.se\/romanian\/wp-json\/wp\/v2\/pages\/37\/revisions\/84"}],"wp:attachment":[{"href":"https:\/\/sorinafritz.se\/romanian\/wp-json\/wp\/v2\/media?parent=37"}],"curies":[{"name":"wp","href":"https:\/\/api.w.org\/{rel}","templated":true}]}}